{"id":1996,"date":"2025-04-20T18:19:50","date_gmt":"2025-04-20T16:19:50","guid":{"rendered":"http:\/\/vistafusion.live\/?page_id=1996"},"modified":"2025-04-20T23:25:48","modified_gmt":"2025-04-20T21:25:48","slug":"terms-and-conditions","status":"publish","type":"page","link":"https:\/\/vistafusion.live\/hu\/feltetelek\/","title":{"rendered":"\u00c1ltal\u00e1nos Szerz\u0151d\u00e9si Felt\u00e9telek"},"content":{"rendered":"<div data-elementor-type=\"wp-page\" data-elementor-id=\"1996\" class=\"elementor elementor-1996\" data-elementor-post-type=\"page\">\n\t\t\t\t<div class=\"elementor-element elementor-element-50db43a8 e-flex e-con-boxed e-con e-parent\" data-id=\"50db43a8\" data-element_type=\"container\" data-settings=\"{&quot;background_background&quot;:&quot;gradient&quot;}\">\n\t\t\t\t\t<div class=\"e-con-inner\">\n\t\t<div class=\"elementor-element elementor-element-1533e51d e-con-full e-flex e-con e-child\" data-id=\"1533e51d\" data-element_type=\"container\">\n\t\t\t\t<div class=\"elementor-element elementor-element-7697d2b1 elementor-widget elementor-widget-heading\" data-id=\"7697d2b1\" data-element_type=\"widget\" data-widget_type=\"heading.default\">\n\t\t\t\t<div class=\"elementor-widget-container\">\n\t\t\t\t\t<h1 class=\"elementor-heading-title elementor-size-default\">\u00c1ltal\u00e1nos Szerz\u0151d\u00e9si Felt\u00e9telek<\/h1>\t\t\t\t<\/div>\n\t\t\t\t<\/div>\n\t\t\t\t<div class=\"elementor-element elementor-element-33434550 elementor-widget-divider--view-line elementor-widget elementor-widget-divider\" data-id=\"33434550\" data-element_type=\"widget\" data-widget_type=\"divider.default\">\n\t\t\t\t<div class=\"elementor-widget-container\">\n\t\t\t\t\t\t\t<div class=\"elementor-divider\">\n\t\t\t<span class=\"elementor-divider-separator\">\n\t\t\t\t\t\t<\/span>\n\t\t<\/div>\n\t\t\t\t\t\t<\/div>\n\t\t\t\t<\/div>\n\t\t\t\t<\/div>\n\t\t\t\t\t<\/div>\n\t\t\t\t<\/div>\n\t\t<div class=\"elementor-element elementor-element-21b3e26c e-flex e-con-boxed e-con e-parent\" data-id=\"21b3e26c\" data-element_type=\"container\">\n\t\t\t\t\t<div class=\"e-con-inner\">\n\t\t\t\t\t<\/div>\n\t\t\t\t<\/div>\n\t\t<div class=\"elementor-element elementor-element-31301c5c e-flex e-con-boxed e-con e-parent\" data-id=\"31301c5c\" data-element_type=\"container\">\n\t\t\t\t\t<div class=\"e-con-inner\">\n\t\t<div class=\"elementor-element elementor-element-7576672a e-con-full e-flex e-con e-child\" data-id=\"7576672a\" data-element_type=\"container\">\n\t\t\t\t<div class=\"elementor-element elementor-element-7c6d4592 elementor-toc--minimized-on-tablet elementor-widget elementor-widget-table-of-contents\" data-id=\"7c6d4592\" data-element_type=\"widget\" data-settings=\"{&quot;headings_by_tags&quot;:[&quot;h2&quot;],&quot;exclude_headings_by_selector&quot;:[],&quot;marker_view&quot;:&quot;bullets&quot;,&quot;icon&quot;:{&quot;value&quot;:&quot;&quot;,&quot;library&quot;:&quot;&quot;},&quot;no_headings_message&quot;:&quot;No headings were found on this page.&quot;,&quot;minimize_box&quot;:&quot;yes&quot;,&quot;minimized_on&quot;:&quot;tablet&quot;,&quot;hierarchical_view&quot;:&quot;yes&quot;,&quot;min_height&quot;:{&quot;unit&quot;:&quot;px&quot;,&quot;size&quot;:&quot;&quot;,&quot;sizes&quot;:[]},&quot;min_height_tablet&quot;:{&quot;unit&quot;:&quot;px&quot;,&quot;size&quot;:&quot;&quot;,&quot;sizes&quot;:[]},&quot;min_height_mobile&quot;:{&quot;unit&quot;:&quot;px&quot;,&quot;size&quot;:&quot;&quot;,&quot;sizes&quot;:[]}}\" data-widget_type=\"table-of-contents.default\">\n\t\t\t\t<div class=\"elementor-widget-container\">\n\t\t\t\t\t\t\t<div class=\"elementor-toc__header\">\n\t\t\t<h2 class=\"elementor-toc__header-title\">\n\t\t\t\tTartalomjegyz\u00e9k\t\t\t<\/h2>\n\t\t\t\t\t\t\t<div class=\"elementor-toc__toggle-button elementor-toc__toggle-button--expand\" role=\"button\" tabindex=\"0\" aria-controls=\"elementor-toc__7c6d4592\" aria-expanded=\"true\" aria-label=\"Open table of contents\" data-no-translation-aria-label=\"\"><svg aria-hidden=\"true\" class=\"e-font-icon-svg e-fas-chevron-down\" viewbox=\"0 0 448 512\" xmlns=\"http:\/\/www.w3.org\/2000\/svg\"><path d=\"M207.029 381.476L12.686 187.132c-9.373-9.373-9.373-24.569 0-33.941l22.667-22.667c9.357-9.357 24.522-9.375 33.901-.04L224 284.505l154.745-154.021c9.379-9.335 24.544-9.317 33.901.04l22.667 22.667c9.373 9.373 9.373 24.569 0 33.941L240.971 381.476c-9.373 9.372-24.569 9.372-33.942 0z\"><\/path><\/svg><\/div>\n\t\t\t\t<div class=\"elementor-toc__toggle-button elementor-toc__toggle-button--collapse\" role=\"button\" tabindex=\"0\" aria-controls=\"elementor-toc__7c6d4592\" aria-expanded=\"true\" aria-label=\"Close table of contents\" data-no-translation-aria-label=\"\"><svg aria-hidden=\"true\" class=\"e-font-icon-svg e-fas-angle-up\" viewbox=\"0 0 320 512\" xmlns=\"http:\/\/www.w3.org\/2000\/svg\"><path d=\"M177 159.7l136 136c9.4 9.4 9.4 24.6 0 33.9l-22.6 22.6c-9.4 9.4-24.6 9.4-33.9 0L160 255.9l-96.4 96.4c-9.4 9.4-24.6 9.4-33.9 0L7 329.7c-9.4-9.4-9.4-24.6 0-33.9l136-136c9.4-9.5 24.6-9.5 34-.1z\"><\/path><\/svg><\/div>\n\t\t\t\t\t<\/div>\n\t\t<div id=\"elementor-toc__7c6d4592\" class=\"elementor-toc__body\">\n\t\t\t<div class=\"elementor-toc__spinner-container\">\n\t\t\t\t<svg class=\"elementor-toc__spinner eicon-animation-spin e-font-icon-svg e-eicon-loading\" aria-hidden=\"true\" viewbox=\"0 0 1000 1000\" xmlns=\"http:\/\/www.w3.org\/2000\/svg\"><path d=\"M500 975V858C696 858 858 696 858 500S696 142 500 142 142 304 142 500H25C25 237 238 25 500 25S975 237 975 500 763 975 500 975Z\"><\/path><\/svg>\t\t\t<\/div>\n\t\t<\/div>\n\t\t\t\t\t\t<\/div>\n\t\t\t\t<\/div>\n\t\t\t\t<\/div>\n\t\t<div class=\"elementor-element elementor-element-73f44a2c e-con-full e-flex e-con e-child\" data-id=\"73f44a2c\" data-element_type=\"container\">\n\t\t\t\t<div class=\"elementor-element elementor-element-5a45034 elementor-widget elementor-widget-text-editor\" data-id=\"5a45034\" data-element_type=\"widget\" data-widget_type=\"text-editor.default\">\n\t\t\t\t<div class=\"elementor-widget-container\">\n\t\t\t\t\t\t\t\t\t<h1 id=\"table_of_content_heading_1_3\" data-anchor=\"true\">\u00c1ltal\u00e1nos Szerz\u0151d\u00e9si Felt\u00e9telek<\/h1><p><strong>Hat\u00e1lybal\u00e9p\u00e9s napja: 2025.04.01<\/strong><\/p><p>\u00dcdv\u00f6z\u00f6lj\u00fck\u00a0<strong>Vista Fusion<\/strong>! Jelen \u00c1ltal\u00e1nos Szerz\u0151d\u00e9si Felt\u00e9telek k\u00f6rvonalazz\u00e1k a weboldalunk haszn\u00e1lat\u00e1ra vonatkoz\u00f3 szab\u00e1lyokat \u00e9s el\u0151\u00edr\u00e1sokat a c\u00edmen\u00a0<a href=\"https:\/\/vistafusion.live\/hu\/\" target=\"_new\">www.vistafusion.live<\/a>.<\/p><p>A weboldal megnyit\u00e1s\u00e1val teljes m\u00e9rt\u00e9kben elfogadja ezeket a felt\u00e9teleket. Ne haszn\u00e1lja tov\u00e1bb a Vista Fusion webhely\u00e9t, ha nem \u00e9rt egyet az ezen az oldalon szerepl\u0151 felt\u00e9telekkel.<\/p><h2 id=\"table_of_content_heading_1_4\" data-anchor=\"true\"><span class=\"h3-fs\">1. A Weboldal haszn\u00e1lata<\/span><\/h2><p>A weboldalon tal\u00e1lhat\u00f3 tartalom csak \u00e1ltal\u00e1nos t\u00e1j\u00e9koztat\u00e1si c\u00e9lokat szolg\u00e1l. B\u00e1r t\u00f6reksz\u00fcnk arra, hogy az inform\u00e1ci\u00f3kat naprak\u00e9szen \u00e9s pontosabban tartsuk, nem v\u00e1llalunk semmilyen kifejezett vagy hallgat\u00f3lagos garanci\u00e1t az inform\u00e1ci\u00f3k teljess\u00e9g\u00e9re, pontoss\u00e1g\u00e1ra, megb\u00edzhat\u00f3s\u00e1g\u00e1ra, alkalmass\u00e1g\u00e1ra vagy el\u00e9rhet\u0151s\u00e9g\u00e9re vonatkoz\u00f3an.<\/p><p>\u00d6n beleegyezik abba, hogy a weboldalt kiz\u00e1r\u00f3lag t\u00f6rv\u00e9nyes c\u00e9lokra haszn\u00e1lja, \u00e9s oly m\u00f3don, hogy az ne s\u00e9rtse m\u00e1sok jogait, \u00e9s ne korl\u00e1tozza az oldal haszn\u00e1lat\u00e1t \u00e9s \u00e9lvezet\u00e9t.<\/p><h2 id=\"table_of_content_heading_1_5\" data-anchor=\"true\"><span class=\"h3-fs\">2. Szellemi tulajdon<\/span><\/h2><p>Hacsak m\u00e1sk\u00e9pp nem jelezz\u00fck,\u00a0<strong>Vista Fusion<\/strong>\u00a0a weboldalon tal\u00e1lhat\u00f3 \u00f6sszes tartalom szellemi tulajdonjog\u00e1nak tulajdonosa, bele\u00e9rtve a sz\u00f6veget, k\u00e9peket, grafik\u00e1kat, log\u00f3kat \u00e9s designt. Minden szellemi tulajdonjog fenntartva.<\/p><p>Az oldalakat megtekintheti \u00e9s kinyomtathatja\u00a0<a href=\"https:\/\/vistafusion.live\/hu\/\" target=\"_new\">www.vistafusion.live<\/a>\u00a0szem\u00e9lyes haszn\u00e1latra, a jelen felt\u00e9telekben meghat\u00e1rozott korl\u00e1toz\u00e1sok mellett.<\/p><p>Nem szabad:<\/p><ul><li>Tegye \u00fajra k\u00f6zz\u00e9 az anyagot err\u0151l a webhelyr\u0151l<\/li><li>A webhelyr\u0151l sz\u00e1rmaz\u00f3 anyagok \u00e9rt\u00e9kes\u00edt\u00e9se, b\u00e9rbead\u00e1sa vagy allicencbead\u00e1sa<\/li><li>Kereskedelmi c\u00e9lokra reproduk\u00e1ljon, sokszoros\u00edtson vagy m\u00e1soljon anyagot<\/li><li>A Vista Fusion tartalmai enged\u00e9ly n\u00e9lk\u00fcl terjeszthet\u0151k<\/li><\/ul><h2 id=\"table_of_content_heading_1_6\" data-anchor=\"true\"><span class=\"h3-fs\">3. Szolg\u00e1ltat\u00e1sok \u00e9s megkeres\u00e9sek<\/span><\/h2><p>Nem k\u00edn\u00e1lunk k\u00f6zvetlen online v\u00e1s\u00e1rl\u00e1st ezen a weboldalon kereszt\u00fcl. Minden bemutatott szolg\u00e1ltat\u00e1s vagy term\u00e9k (pl. korl\u00e1tok, kapuk, f\u00e9mszerkezetek) egyedi gy\u00e1rt\u00e1s\u00fa \u00e9s k\u00f6zvetlen megkeres\u00e9st ig\u00e9nyel.<\/p><p>A kapcsolatfelv\u00e9teli \u0171rlap elk\u00fcld\u00e9se vagy e-mail k\u00fcld\u00e9se nem min\u0151s\u00fcl szerz\u0151d\u00e9snek vagy k\u00f6telezetts\u00e9gnek a Vista Fusion r\u00e9sz\u00e9r\u0151l mindaddig, am\u00edg a hivatalos meg\u00e1llapod\u00e1s meg nem sz\u00fcletik.<\/p><h2 id=\"table_of_content_heading_1_7\" data-anchor=\"true\"><span class=\"h3-fs\">4. K\u00fcls\u0151 hivatkoz\u00e1sok<\/span><\/h2><p>Weboldalunk tartalmazhat hivatkoz\u00e1sokat harmadik felek webhelyeire vagy forr\u00e1saira. Nem v\u00e1llalunk felel\u0151ss\u00e9get ezeknek a k\u00fcls\u0151 webhelyeknek a tartalm\u00e1\u00e9rt vagy el\u00e9rhet\u0151s\u00e9g\u00e9\u00e9rt, \u00e9s nem t\u00e1mogatjuk vagy garant\u00e1ljuk az \u00e1ltaluk ny\u00fajtott inform\u00e1ci\u00f3kat, term\u00e9keket vagy szolg\u00e1ltat\u00e1sokat.<\/p><h2 id=\"table_of_content_heading_1_8\" data-anchor=\"true\"><span class=\"h3-fs\">5. A felel\u0151ss\u00e9g korl\u00e1toz\u00e1sa<\/span><\/h2><p>A Vista Fusion nem tehet\u0151 felel\u0151ss\u00e9 semmilyen vesztes\u00e9g\u00e9rt vagy k\u00e1r\u00e9rt, bele\u00e9rtve a k\u00f6zvetett vagy k\u00f6vetkezm\u00e9nyes vesztes\u00e9geket is, amelyek a webhely haszn\u00e1lat\u00e1b\u00f3l erednek vagy azzal kapcsolatban mer\u00fclnek fel.<\/p><p>Nem garant\u00e1ljuk, hogy a webhely mentes lesz v\u00edrusokt\u00f3l vagy k\u00e1ros \u00f6sszetev\u0151kt\u0151l, b\u00e1r mindent megtesz\u00fcnk a biztons\u00e1g \u00e9s a funkcionalit\u00e1s fenntart\u00e1sa \u00e9rdek\u00e9ben.<\/p><h2 id=\"table_of_content_heading_1_9\" data-anchor=\"true\"><span class=\"h3-fs\">6. A Felt\u00e9telek v\u00e1ltoz\u00e1sai<\/span><\/h2><p>A jelen \u00c1ltal\u00e1nos Szerz\u0151d\u00e9si Felt\u00e9teleket b\u00e1rmikor, el\u0151zetes \u00e9rtes\u00edt\u00e9s n\u00e9lk\u00fcl fel\u00fclvizsg\u00e1lhatjuk. Az oldal haszn\u00e1lat\u00e1nak folytat\u00e1s\u00e1val \u00d6n elfogadja, hogy mag\u00e1ra n\u00e9zve k\u00f6telez\u0151nek ismeri el a friss\u00edtett verzi\u00f3t. K\u00e9rj\u00fck, rendszeresen ellen\u0151rizze ezt az oldalt.<\/p><h2 id=\"table_of_content_heading_1_10\" data-anchor=\"true\"><span class=\"h3-fs\">7. Ir\u00e1nyad\u00f3 jog<\/span><\/h2><p>A jelen \u00c1ltal\u00e1nos Szerz\u0151d\u00e9si Felt\u00e9telekre a t\u00f6rv\u00e9nyek az ir\u00e1nyad\u00f3k \u00e9s azok \u00e9rtelmez\u00e9s\u00e9re vonatkoznak\u00a0<strong>Koszov\u00f3i K\u00f6zt\u00e1rsas\u00e1g<\/strong>. A jelen felt\u00e9telekkel kapcsolatos vit\u00e1k a koszov\u00f3i b\u00edr\u00f3s\u00e1gok kiz\u00e1r\u00f3lagos joghat\u00f3s\u00e1ga al\u00e1 tartoznak.<\/p><h2 id=\"table_of_content_heading_1_11\" data-anchor=\"true\"><span class=\"h3-fs\">8. Vegye fel vel\u00fcnk a kapcsolatot<\/span><\/h2><p>Ha b\u00e1rmilyen k\u00e9rd\u00e9se vagy agg\u00e1lya van a jelen Felt\u00e9telekkel kapcsolatban, k\u00e9rj\u00fck, l\u00e9pjen kapcsolatba vel\u00fcnk:<\/p><p><strong>Vista Fusion<\/strong><\/p><p><a href=\"mailto:info@vistafusion.live\">info@vistafusion.live<\/a><\/p><p><a href=\"https:\/\/vistafusion.live\/hu\/\" target=\"_new\">www.vistafusion.live<\/a><\/p>\t\t\t\t\t\t\t\t<\/div>\n\t\t\t\t<\/div>\n\t\t\t\t<\/div>\n\t\t\t\t\t<\/div>\n\t\t\t\t<\/div>\n\t\t\t\t<\/div>","protected":false},"excerpt":{"rendered":"<p>Terms &amp; Conditions Table of Contents Terms and Conditions Effective Date:\u00a001\/04\/2025 Welcome to\u00a0Vista Fusion! These Terms and Conditions outline the rules and regulations for the use of our website at\u00a0www.vistafusion.live. By accessing this website, you accept these terms in full. Do not continue to use Vista Fusion\u2019s website if you do not agree to all [&hellip;]<\/p>","protected":false},"author":1,"featured_media":0,"parent":0,"menu_order":0,"comment_status":"closed","ping_status":"closed","template":"","meta":{"site-sidebar-layout":"no-sidebar","site-content-layout":"page-builder","ast-site-content-layout":"full-width-container","site-content-style":"unboxed","site-sidebar-style":"unboxed","ast-global-header-display":"","ast-banner-title-visibility":"","ast-main-header-display":"","ast-hfb-above-header-display":"","ast-hfb-below-header-display":"","ast-hfb-mobile-header-display":"","site-post-title":"disabled","ast-breadcrumbs-content":"","ast-featured-img":"disabled","footer-sml-layout":"","theme-transparent-header-meta":"enabled","adv-header-id-meta":"","stick-header-meta":"","header-above-stick-meta":"","header-main-stick-meta":"","header-below-stick-meta":"","astra-migrate-meta-layouts":"set","ast-page-background-enabled":"default","ast-page-background-meta":{"desktop":{"background-color":"","background-image":"","background-repeat":"repeat","background-position":"center center","background-size":"auto","background-attachment":"scroll","background-type":"","background-media":"","overlay-type":"","overlay-color":"","overlay-opacity":"","overlay-gradient":""},"tablet":{"background-color":"","background-image":"","background-repeat":"repeat","background-position":"center center","background-size":"auto","background-attachment":"scroll","background-type":"","background-media":"","overlay-type":"","overlay-color":"","overlay-opacity":"","overlay-gradient":""},"mobile":{"background-color":"","background-image":"","background-repeat":"repeat","background-position":"center center","background-size":"auto","background-attachment":"scroll","background-type":"","background-media":"","overlay-type":"","overlay-color":"","overlay-opacity":"","overlay-gradient":""}},"ast-content-background-meta":{"desktop":{"background-color":"var(--ast-global-color-5)","background-image":"","background-repeat":"repeat","background-position":"center center","background-size":"auto","background-attachment":"scroll","background-type":"","background-media":"","overlay-type":"","overlay-color":"","overlay-opacity":"","overlay-gradient":""},"tablet":{"background-color":"var(--ast-global-color-5)","background-image":"","background-repeat":"repeat","background-position":"center center","background-size":"auto","background-attachment":"scroll","background-type":"","background-media":"","overlay-type":"","overlay-color":"","overlay-opacity":"","overlay-gradient":""},"mobile":{"background-color":"var(--ast-global-color-5)","background-image":"","background-repeat":"repeat","background-position":"center center","background-size":"auto","background-attachment":"scroll","background-type":"","background-media":"","overlay-type":"","overlay-color":"","overlay-opacity":"","overlay-gradient":""}},"footnotes":""},"class_list":["post-1996","page","type-page","status-publish","hentry"],"yoast_head":"<!-- This site is optimized with the Yoast SEO Premium plugin v24.9 (Yoast SEO v24.9) - https:\/\/yoast.com\/wordpress\/plugins\/seo\/ -->\n<title>Terms And Conditions - Vista Fusion<\/title>\n<meta name=\"robots\" content=\"noindex, follow\" \/>\n<meta property=\"og:locale\" content=\"hu_HU\" \/>\n<meta property=\"og:type\" content=\"article\" \/>\n<meta property=\"og:title\" content=\"Terms And Conditions\" \/>\n<meta property=\"og:description\" content=\"Terms &amp; Conditions Table of Contents Terms and Conditions Effective Date:\u00a001\/04\/2025 Welcome to\u00a0Vista Fusion! These Terms and Conditions outline the rules and regulations for the use of our website at\u00a0www.vistafusion.live. By accessing this website, you accept these terms in full. Do not continue to use Vista Fusion\u2019s website if you do not agree to all [&hellip;]\" \/>\n<meta property=\"og:url\" content=\"https:\/\/vistafusion.live\/hu\/geschaftsbedingungen\/\" \/>\n<meta property=\"og:site_name\" content=\"Vista Fusion\" \/>\n<meta property=\"article:publisher\" content=\"https:\/\/www.fb.com\/vistafusion\" \/>\n<meta property=\"article:modified_time\" content=\"2025-04-20T21:25:48+00:00\" \/>\n<meta property=\"og:image\" content=\"https:\/\/vistafusion.live\/wp-content\/uploads\/2025\/04\/Vista_Fusion_Logo-e1745092598887.png\" \/>\n\t<meta property=\"og:image:width\" content=\"1100\" \/>\n\t<meta property=\"og:image:height\" content=\"823\" \/>\n\t<meta property=\"og:image:type\" content=\"image\/png\" \/>\n<meta name=\"twitter:card\" content=\"summary_large_image\" \/>\n<script type=\"application\/ld+json\" class=\"yoast-schema-graph\">{\"@context\":\"https:\/\/schema.org\",\"@graph\":[{\"@type\":\"WebPage\",\"@id\":\"https:\/\/vistafusion.live\/de\/geschaftsbedingungen\/\",\"url\":\"https:\/\/vistafusion.live\/de\/geschaftsbedingungen\/\",\"name\":\"Terms And Conditions - Vista Fusion\",\"isPartOf\":{\"@id\":\"https:\/\/vistafusion.live\/de\/#website\"},\"datePublished\":\"2025-04-20T16:19:50+00:00\",\"dateModified\":\"2025-04-20T21:25:48+00:00\",\"breadcrumb\":{\"@id\":\"https:\/\/vistafusion.live\/de\/geschaftsbedingungen\/#breadcrumb\"},\"inLanguage\":\"hu\",\"potentialAction\":[{\"@type\":\"ReadAction\",\"target\":[\"https:\/\/vistafusion.live\/de\/geschaftsbedingungen\/\"]}]},{\"@type\":\"BreadcrumbList\",\"@id\":\"https:\/\/vistafusion.live\/de\/geschaftsbedingungen\/#breadcrumb\",\"itemListElement\":[{\"@type\":\"ListItem\",\"position\":1,\"name\":\"Home\",\"item\":\"https:\/\/vistafusion.live\/de\/\"},{\"@type\":\"ListItem\",\"position\":2,\"name\":\"Terms And Conditions\"}]},{\"@type\":\"WebSite\",\"@id\":\"https:\/\/vistafusion.live\/de\/#website\",\"url\":\"https:\/\/vistafusion.live\/de\/\",\"name\":\"Vista Fusion\",\"description\":\"Shaping Metal, Inspiring Possibilities\",\"publisher\":{\"@id\":\"https:\/\/vistafusion.live\/de\/#organization\"},\"potentialAction\":[{\"@type\":\"SearchAction\",\"target\":{\"@type\":\"EntryPoint\",\"urlTemplate\":\"https:\/\/vistafusion.live\/de\/?s={search_term_string}\"},\"query-input\":{\"@type\":\"PropertyValueSpecification\",\"valueRequired\":true,\"valueName\":\"search_term_string\"}}],\"inLanguage\":\"hu\"},{\"@type\":\"Organization\",\"@id\":\"https:\/\/vistafusion.live\/de\/#organization\",\"name\":\"Vista Fusion LLC\",\"alternateName\":\"Vista Fusion LLC\",\"url\":\"https:\/\/vistafusion.live\/de\/\",\"logo\":{\"@type\":\"ImageObject\",\"inLanguage\":\"hu\",\"@id\":\"https:\/\/vistafusion.live\/de\/#\/schema\/logo\/image\/\",\"url\":\"http:\/\/vistafusion.live\/wp-content\/uploads\/2025\/04\/Vista_Fusion_Logo-1.png\",\"contentUrl\":\"http:\/\/vistafusion.live\/wp-content\/uploads\/2025\/04\/Vista_Fusion_Logo-1.png\",\"width\":1280,\"height\":1280,\"caption\":\"Vista Fusion LLC\"},\"image\":{\"@id\":\"https:\/\/vistafusion.live\/de\/#\/schema\/logo\/image\/\"},\"sameAs\":[\"https:\/\/www.fb.com\/vistafusion\",\"https:\/\/www.kompass.com\/c\/vista-fusion-llc\/xk03503\/\",\"https:\/\/www.europages.co.uk\/en\/company\/vista-fusion-llc-22311565\",\"https:\/\/www.industrystock.com\/en\/company\/profile\/Vista-Fusion-LLC\/650195\"],\"description\":\"Vista Fusion is a dynamic metal fabrication company based in Kosovo, specializing in high-quality custom solutions for commercial, architectural, and industrial applications. From CNC laser cutting and precision welding to powder coating and visual signage fabrication, our in-house services are built to deliver speed, accuracy, and aesthetic impact. We collaborate closely with architects, contractors, and B2B clients across Europe, offering tailored metal structures, railings, gates, furniture frames, and more. Vista Fusion is proudly engineered in Kosovo and designed to meet European standards of quality, functionality, and innovation.\",\"email\":\"info@vistafusion.com\",\"telephone\":\"+38348334245\",\"legalName\":\"Vista Fusion L.L.C.\",\"foundingDate\":\"2025-01-24\",\"vatID\":\"812248096\",\"taxID\":\"812248096\",\"numberOfEmployees\":{\"@type\":\"QuantitativeValue\",\"minValue\":\"11\",\"maxValue\":\"50\"},\"ownershipFundingInfo\":\"https:\/\/vistafusion.live\/de\/um\/\"}]}<\/script>\n<!-- \/ Yoast SEO Premium plugin. -->","yoast_head_json":{"title":"Terms And Conditions - Vista Fusion","robots":{"index":"noindex","follow":"follow"},"og_locale":"hu_HU","og_type":"article","og_title":"Terms And Conditions","og_description":"Terms &amp; Conditions Table of Contents Terms and Conditions Effective Date:\u00a001\/04\/2025 Welcome to\u00a0Vista Fusion! These Terms and Conditions outline the rules and regulations for the use of our website at\u00a0www.vistafusion.live. By accessing this website, you accept these terms in full. Do not continue to use Vista Fusion\u2019s website if you do not agree to all [&hellip;]","og_url":"https:\/\/vistafusion.live\/hu\/geschaftsbedingungen\/","og_site_name":"Vista Fusion","article_publisher":"https:\/\/www.fb.com\/vistafusion","article_modified_time":"2025-04-20T21:25:48+00:00","og_image":[{"width":1100,"height":823,"url":"https:\/\/vistafusion.live\/wp-content\/uploads\/2025\/04\/Vista_Fusion_Logo-e1745092598887.png","type":"image\/png"}],"twitter_card":"summary_large_image","schema":{"@context":"https:\/\/schema.org","@graph":[{"@type":"WebPage","@id":"https:\/\/vistafusion.live\/de\/geschaftsbedingungen\/","url":"https:\/\/vistafusion.live\/de\/geschaftsbedingungen\/","name":"Terms And Conditions - Vista Fusion","isPartOf":{"@id":"https:\/\/vistafusion.live\/de\/#website"},"datePublished":"2025-04-20T16:19:50+00:00","dateModified":"2025-04-20T21:25:48+00:00","breadcrumb":{"@id":"https:\/\/vistafusion.live\/de\/geschaftsbedingungen\/#breadcrumb"},"inLanguage":"hu","potentialAction":[{"@type":"ReadAction","target":["https:\/\/vistafusion.live\/de\/geschaftsbedingungen\/"]}]},{"@type":"BreadcrumbList","@id":"https:\/\/vistafusion.live\/de\/geschaftsbedingungen\/#breadcrumb","itemListElement":[{"@type":"ListItem","position":1,"name":"Home","item":"https:\/\/vistafusion.live\/de\/"},{"@type":"ListItem","position":2,"name":"Terms And Conditions"}]},{"@type":"WebSite","@id":"https:\/\/vistafusion.live\/de\/#website","url":"https:\/\/vistafusion.live\/de\/","name":"Vista Fusion","description":"Shaping Metal, Inspiring Possibilities","publisher":{"@id":"https:\/\/vistafusion.live\/de\/#organization"},"potentialAction":[{"@type":"SearchAction","target":{"@type":"EntryPoint","urlTemplate":"https:\/\/vistafusion.live\/de\/?s={search_term_string}"},"query-input":{"@type":"PropertyValueSpecification","valueRequired":true,"valueName":"search_term_string"}}],"inLanguage":"hu"},{"@type":"Organization","@id":"https:\/\/vistafusion.live\/de\/#organization","name":"Vista Fusion LLC","alternateName":"Vista Fusion LLC","url":"https:\/\/vistafusion.live\/de\/","logo":{"@type":"ImageObject","inLanguage":"hu","@id":"https:\/\/vistafusion.live\/de\/#\/schema\/logo\/image\/","url":"http:\/\/vistafusion.live\/wp-content\/uploads\/2025\/04\/Vista_Fusion_Logo-1.png","contentUrl":"http:\/\/vistafusion.live\/wp-content\/uploads\/2025\/04\/Vista_Fusion_Logo-1.png","width":1280,"height":1280,"caption":"Vista Fusion LLC"},"image":{"@id":"https:\/\/vistafusion.live\/de\/#\/schema\/logo\/image\/"},"sameAs":["https:\/\/www.fb.com\/vistafusion","https:\/\/www.kompass.com\/c\/vista-fusion-llc\/xk03503\/","https:\/\/www.europages.co.uk\/en\/company\/vista-fusion-llc-22311565","https:\/\/www.industrystock.com\/en\/company\/profile\/Vista-Fusion-LLC\/650195"],"description":"Vista Fusion is a dynamic metal fabrication company based in Kosovo, specializing in high-quality custom solutions for commercial, architectural, and industrial applications. From CNC laser cutting and precision welding to powder coating and visual signage fabrication, our in-house services are built to deliver speed, accuracy, and aesthetic impact. We collaborate closely with architects, contractors, and B2B clients across Europe, offering tailored metal structures, railings, gates, furniture frames, and more. Vista Fusion is proudly engineered in Kosovo and designed to meet European standards of quality, functionality, and innovation.","email":"info@vistafusion.com","telephone":"+38348334245","legalName":"Vista Fusion L.L.C.","foundingDate":"2025-01-24","vatID":"812248096","taxID":"812248096","numberOfEmployees":{"@type":"QuantitativeValue","minValue":"11","maxValue":"50"},"ownershipFundingInfo":"https:\/\/vistafusion.live\/de\/um\/"}]}},"brizy_media":[],"_links":{"self":[{"href":"https:\/\/vistafusion.live\/hu\/wp-json\/wp\/v2\/pages\/1996","targetHints":{"allow":["GET"]}}],"collection":[{"href":"https:\/\/vistafusion.live\/hu\/wp-json\/wp\/v2\/pages"}],"about":[{"href":"https:\/\/vistafusion.live\/hu\/wp-json\/wp\/v2\/types\/page"}],"author":[{"embeddable":true,"href":"https:\/\/vistafusion.live\/hu\/wp-json\/wp\/v2\/users\/1"}],"replies":[{"embeddable":true,"href":"https:\/\/vistafusion.live\/hu\/wp-json\/wp\/v2\/comments?post=1996"}],"version-history":[{"count":5,"href":"https:\/\/vistafusion.live\/hu\/wp-json\/wp\/v2\/pages\/1996\/revisions"}],"predecessor-version":[{"id":2008,"href":"https:\/\/vistafusion.live\/hu\/wp-json\/wp\/v2\/pages\/1996\/revisions\/2008"}],"wp:attachment":[{"href":"https:\/\/vistafusion.live\/hu\/wp-json\/wp\/v2\/media?parent=1996"}],"curies":[{"name":"wp","href":"https:\/\/api.w.org\/{rel}","templated":true}]}}