{"id":1996,"date":"2025-04-20T18:19:50","date_gmt":"2025-04-20T16:19:50","guid":{"rendered":"http:\/\/vistafusion.live\/?page_id=1996"},"modified":"2025-04-20T23:25:48","modified_gmt":"2025-04-20T21:25:48","slug":"terms-and-conditions","status":"publish","type":"page","link":"https:\/\/vistafusion.live\/pl\/warunki-i-postanowienia\/","title":{"rendered":"Warunki i postanowienia"},"content":{"rendered":"<div data-elementor-type=\"wp-page\" data-elementor-id=\"1996\" class=\"elementor elementor-1996\" data-elementor-post-type=\"page\">\n\t\t\t\t<div class=\"elementor-element elementor-element-50db43a8 e-flex e-con-boxed e-con e-parent\" data-id=\"50db43a8\" data-element_type=\"container\" data-settings=\"{&quot;background_background&quot;:&quot;gradient&quot;}\">\n\t\t\t\t\t<div class=\"e-con-inner\">\n\t\t<div class=\"elementor-element elementor-element-1533e51d e-con-full e-flex e-con e-child\" data-id=\"1533e51d\" data-element_type=\"container\">\n\t\t\t\t<div class=\"elementor-element elementor-element-7697d2b1 elementor-widget elementor-widget-heading\" data-id=\"7697d2b1\" data-element_type=\"widget\" data-widget_type=\"heading.default\">\n\t\t\t\t<div class=\"elementor-widget-container\">\n\t\t\t\t\t<h1 class=\"elementor-heading-title elementor-size-default\">Warunki korzystania z serwisu<\/h1>\t\t\t\t<\/div>\n\t\t\t\t<\/div>\n\t\t\t\t<div class=\"elementor-element elementor-element-33434550 elementor-widget-divider--view-line elementor-widget elementor-widget-divider\" data-id=\"33434550\" data-element_type=\"widget\" data-widget_type=\"divider.default\">\n\t\t\t\t<div class=\"elementor-widget-container\">\n\t\t\t\t\t\t\t<div class=\"elementor-divider\">\n\t\t\t<span class=\"elementor-divider-separator\">\n\t\t\t\t\t\t<\/span>\n\t\t<\/div>\n\t\t\t\t\t\t<\/div>\n\t\t\t\t<\/div>\n\t\t\t\t<\/div>\n\t\t\t\t\t<\/div>\n\t\t\t\t<\/div>\n\t\t<div class=\"elementor-element elementor-element-21b3e26c e-flex e-con-boxed e-con e-parent\" data-id=\"21b3e26c\" data-element_type=\"container\">\n\t\t\t\t\t<div class=\"e-con-inner\">\n\t\t\t\t\t<\/div>\n\t\t\t\t<\/div>\n\t\t<div class=\"elementor-element elementor-element-31301c5c e-flex e-con-boxed e-con e-parent\" data-id=\"31301c5c\" data-element_type=\"container\">\n\t\t\t\t\t<div class=\"e-con-inner\">\n\t\t<div class=\"elementor-element elementor-element-7576672a e-con-full e-flex e-con e-child\" data-id=\"7576672a\" data-element_type=\"container\">\n\t\t\t\t<div class=\"elementor-element elementor-element-7c6d4592 elementor-toc--minimized-on-tablet elementor-widget elementor-widget-table-of-contents\" data-id=\"7c6d4592\" data-element_type=\"widget\" data-settings=\"{&quot;headings_by_tags&quot;:[&quot;h2&quot;],&quot;exclude_headings_by_selector&quot;:[],&quot;marker_view&quot;:&quot;bullets&quot;,&quot;icon&quot;:{&quot;value&quot;:&quot;&quot;,&quot;library&quot;:&quot;&quot;},&quot;no_headings_message&quot;:&quot;No headings were found on this page.&quot;,&quot;minimize_box&quot;:&quot;yes&quot;,&quot;minimized_on&quot;:&quot;tablet&quot;,&quot;hierarchical_view&quot;:&quot;yes&quot;,&quot;min_height&quot;:{&quot;unit&quot;:&quot;px&quot;,&quot;size&quot;:&quot;&quot;,&quot;sizes&quot;:[]},&quot;min_height_tablet&quot;:{&quot;unit&quot;:&quot;px&quot;,&quot;size&quot;:&quot;&quot;,&quot;sizes&quot;:[]},&quot;min_height_mobile&quot;:{&quot;unit&quot;:&quot;px&quot;,&quot;size&quot;:&quot;&quot;,&quot;sizes&quot;:[]}}\" data-widget_type=\"table-of-contents.default\">\n\t\t\t\t<div class=\"elementor-widget-container\">\n\t\t\t\t\t\t\t<div class=\"elementor-toc__header\">\n\t\t\t<h2 class=\"elementor-toc__header-title\">\n\t\t\t\tSpis tre\u015bci\t\t\t<\/h2>\n\t\t\t\t\t\t\t<div class=\"elementor-toc__toggle-button elementor-toc__toggle-button--expand\" role=\"button\" tabindex=\"0\" aria-controls=\"elementor-toc__7c6d4592\" aria-expanded=\"true\" aria-label=\"Open table of contents\" data-no-translation-aria-label=\"\"><svg aria-hidden=\"true\" class=\"e-font-icon-svg e-fas-chevron-down\" viewbox=\"0 0 448 512\" xmlns=\"http:\/\/www.w3.org\/2000\/svg\"><path d=\"M207.029 381.476L12.686 187.132c-9.373-9.373-9.373-24.569 0-33.941l22.667-22.667c9.357-9.357 24.522-9.375 33.901-.04L224 284.505l154.745-154.021c9.379-9.335 24.544-9.317 33.901.04l22.667 22.667c9.373 9.373 9.373 24.569 0 33.941L240.971 381.476c-9.373 9.372-24.569 9.372-33.942 0z\"><\/path><\/svg><\/div>\n\t\t\t\t<div class=\"elementor-toc__toggle-button elementor-toc__toggle-button--collapse\" role=\"button\" tabindex=\"0\" aria-controls=\"elementor-toc__7c6d4592\" aria-expanded=\"true\" aria-label=\"Close table of contents\" data-no-translation-aria-label=\"\"><svg aria-hidden=\"true\" class=\"e-font-icon-svg e-fas-angle-up\" viewbox=\"0 0 320 512\" xmlns=\"http:\/\/www.w3.org\/2000\/svg\"><path d=\"M177 159.7l136 136c9.4 9.4 9.4 24.6 0 33.9l-22.6 22.6c-9.4 9.4-24.6 9.4-33.9 0L160 255.9l-96.4 96.4c-9.4 9.4-24.6 9.4-33.9 0L7 329.7c-9.4-9.4-9.4-24.6 0-33.9l136-136c9.4-9.5 24.6-9.5 34-.1z\"><\/path><\/svg><\/div>\n\t\t\t\t\t<\/div>\n\t\t<div id=\"elementor-toc__7c6d4592\" class=\"elementor-toc__body\">\n\t\t\t<div class=\"elementor-toc__spinner-container\">\n\t\t\t\t<svg class=\"elementor-toc__spinner eicon-animation-spin e-font-icon-svg e-eicon-loading\" aria-hidden=\"true\" viewbox=\"0 0 1000 1000\" xmlns=\"http:\/\/www.w3.org\/2000\/svg\"><path d=\"M500 975V858C696 858 858 696 858 500S696 142 500 142 142 304 142 500H25C25 237 238 25 500 25S975 237 975 500 763 975 500 975Z\"><\/path><\/svg>\t\t\t<\/div>\n\t\t<\/div>\n\t\t\t\t\t\t<\/div>\n\t\t\t\t<\/div>\n\t\t\t\t<\/div>\n\t\t<div class=\"elementor-element elementor-element-73f44a2c e-con-full e-flex e-con e-child\" data-id=\"73f44a2c\" data-element_type=\"container\">\n\t\t\t\t<div class=\"elementor-element elementor-element-5a45034 elementor-widget elementor-widget-text-editor\" data-id=\"5a45034\" data-element_type=\"widget\" data-widget_type=\"text-editor.default\">\n\t\t\t\t<div class=\"elementor-widget-container\">\n\t\t\t\t\t\t\t\t\t<h1 id=\"table_of_content_heading_1_3\" data-anchor=\"true\">Warunki i postanowienia<\/h1><p><strong>Data wej\u015bcia w \u017cycie: 01.04.2025<\/strong><\/p><p>Witamy w\u00a0<strong>Po\u0142\u0105czenie Vista<\/strong>! Niniejsze Warunki okre\u015blaj\u0105 zasady i regulacje korzystania z naszej witryny internetowej pod adresem\u00a0<a href=\"https:\/\/vistafusion.live\/pl\/\" target=\"_new\">www.vistafusion.live<\/a>.<\/p><p>Uzyskuj\u0105c dost\u0119p do tej witryny, akceptujesz te warunki w ca\u0142o\u015bci. Nie kontynuuj korzystania z witryny Vista Fusion, je\u015bli nie zgadzasz si\u0119 ze wszystkimi warunkami okre\u015blonymi na tej stronie.<\/p><h2 id=\"table_of_content_heading_1_4\" data-anchor=\"true\"><span class=\"h3-fs\">1. Korzystanie ze Strony internetowej<\/span><\/h2><p>Tre\u015b\u0107 tej witryny internetowej jest udost\u0119pniana wy\u0142\u0105cznie w celach informacyjnych. Chocia\u017c staramy si\u0119, aby informacje by\u0142y aktualne i dok\u0142adne, nie udzielamy \u017cadnych gwarancji, wyra\u017anych ani dorozumianych, co do kompletno\u015bci, dok\u0142adno\u015bci, niezawodno\u015bci, przydatno\u015bci lub dost\u0119pno\u015bci jakichkolwiek informacji.<\/p><p>U\u017cytkownik zgadza si\u0119 korzysta\u0107 z witryny internetowej wy\u0142\u0105cznie w celach zgodnych z prawem i w spos\u00f3b, kt\u00f3ry nie narusza praw innych os\u00f3b ani nie ogranicza ich mo\u017cliwo\u015bci korzystania z witryny.<\/p><h2 id=\"table_of_content_heading_1_5\" data-anchor=\"true\"><span class=\"h3-fs\">2. W\u0142asno\u015b\u0107 intelektualna<\/span><\/h2><p>Je\u017celi nie zaznaczono inaczej,\u00a0<strong>Po\u0142\u0105czenie Vista<\/strong>\u00a0posiada prawa w\u0142asno\u015bci intelektualnej do ca\u0142ej zawarto\u015bci tej witryny, w tym tekstu, obraz\u00f3w, grafiki, logo i projektu. Wszelkie prawa w\u0142asno\u015bci intelektualnej s\u0105 zastrze\u017cone.<\/p><p>Mo\u017cesz przegl\u0105da\u0107 i drukowa\u0107 strony z\u00a0<a href=\"https:\/\/vistafusion.live\/pl\/\" target=\"_new\">www.vistafusion.live<\/a>\u00a0do u\u017cytku osobistego, z zastrze\u017ceniem ogranicze\u0144 okre\u015blonych w niniejszych warunkach.<\/p><p>Nie wolno Ci:<\/p><ul><li>Opublikuj ponownie materia\u0142y z tej witryny<\/li><li>Sprzedawaj, wynajmuj lub udzielaj sublicencji na materia\u0142y z witryny<\/li><li>Powielanie, kopiowanie lub powielanie materia\u0142\u00f3w w celach komercyjnych<\/li><li>Ponowna dystrybucja tre\u015bci z Vista Fusion bez zezwolenia<\/li><\/ul><h2 id=\"table_of_content_heading_1_6\" data-anchor=\"true\"><span class=\"h3-fs\">3. Us\u0142ugi i zapytania<\/span><\/h2><p>Nie oferujemy bezpo\u015brednich zakup\u00f3w online za po\u015brednictwem tej witryny. Wszystkie prezentowane us\u0142ugi lub produkty (np. balustrady, bramy, konstrukcje metalowe) s\u0105 wykonywane na zam\u00f3wienie i wymagaj\u0105 bezpo\u015bredniego zapytania.<\/p><p>Wys\u0142anie formularza kontaktowego lub wys\u0142anie wiadomo\u015bci e-mail nie stanowi zawarcia umowy ani zobowi\u0105zania ze strony Vista Fusion do momentu osi\u0105gni\u0119cia formalnego porozumienia.<\/p><h2 id=\"table_of_content_heading_1_7\" data-anchor=\"true\"><span class=\"h3-fs\">4. Linki zewn\u0119trzne<\/span><\/h2><p>Nasza strona internetowa mo\u017ce zawiera\u0107 linki do stron internetowych lub zasob\u00f3w stron trzecich. Nie ponosimy odpowiedzialno\u015bci za tre\u015b\u0107 ani dost\u0119pno\u015b\u0107 tych zewn\u0119trznych stron i nie popieramy ani nie gwarantujemy \u017cadnych informacji, produkt\u00f3w ani us\u0142ug, kt\u00f3re one dostarczaj\u0105.<\/p><h2 id=\"table_of_content_heading_1_8\" data-anchor=\"true\"><span class=\"h3-fs\">5. Ograniczenie odpowiedzialno\u015bci<\/span><\/h2><p>Vista Fusion nie ponosi odpowiedzialno\u015bci za jakiekolwiek straty lub szkody, w tym straty po\u015brednie lub nast\u0119pcze, wynikaj\u0105ce z korzystania z tej witryny internetowej lub zwi\u0105zane z tym korzystaniem.<\/p><p>Nie gwarantujemy, \u017ce strona internetowa b\u0119dzie wolna od wirus\u00f3w i szkodliwych element\u00f3w, chocia\u017c dok\u0142adamy wszelkich stara\u0144, aby zapewni\u0107 jej bezpiecze\u0144stwo i funkcjonalno\u015b\u0107.<\/p><h2 id=\"table_of_content_heading_1_9\" data-anchor=\"true\"><span class=\"h3-fs\">6. Zmiany w Regulaminie<\/span><\/h2><p>Mo\u017cemy zmieni\u0107 niniejsze Warunki i Postanowienia w dowolnym momencie bez wcze\u015bniejszego powiadomienia. Kontynuuj\u0105c korzystanie z witryny, zgadzasz si\u0119 by\u0107 zwi\u0105zanym zaktualizowan\u0105 wersj\u0105. Prosimy o regularne sprawdzanie tej strony.<\/p><h2 id=\"table_of_content_heading_1_10\" data-anchor=\"true\"><span class=\"h3-fs\">7. Prawo w\u0142a\u015bciwe<\/span><\/h2><p>Niniejsze Warunki korzystania z serwisu podlegaj\u0105 przepisom prawa i b\u0119d\u0105 interpretowane zgodnie z nimi.\u00a0<strong>Republika Kosowa<\/strong>Wszelkie spory zwi\u0105zane z niniejszymi warunkami podlegaj\u0105 wy\u0142\u0105cznej jurysdykcji s\u0105d\u00f3w Kosowa.<\/p><h2 id=\"table_of_content_heading_1_11\" data-anchor=\"true\"><span class=\"h3-fs\">8. Skontaktuj si\u0119 z nami<\/span><\/h2><p>Je\u015bli masz jakiekolwiek pytania lub w\u0105tpliwo\u015bci dotycz\u0105ce niniejszego Regulaminu, skontaktuj si\u0119 z nami:<\/p><p><strong>Po\u0142\u0105czenie Vista<\/strong><\/p><p><a href=\"mailto:info@vistafusion.live\">info@vistafusion.live<\/a><\/p><p><a href=\"https:\/\/vistafusion.live\/pl\/\" target=\"_new\">www.vistafusion.live<\/a><\/p>\t\t\t\t\t\t\t\t<\/div>\n\t\t\t\t<\/div>\n\t\t\t\t<\/div>\n\t\t\t\t\t<\/div>\n\t\t\t\t<\/div>\n\t\t\t\t<\/div>","protected":false},"excerpt":{"rendered":"<p>Terms &amp; Conditions Table of Contents Terms and Conditions Effective Date:\u00a001\/04\/2025 Welcome to\u00a0Vista Fusion! These Terms and Conditions outline the rules and regulations for the use of our website at\u00a0www.vistafusion.live. By accessing this website, you accept these terms in full. Do not continue to use Vista Fusion\u2019s website if you do not agree to all [&hellip;]<\/p>","protected":false},"author":1,"featured_media":0,"parent":0,"menu_order":0,"comment_status":"closed","ping_status":"closed","template":"","meta":{"site-sidebar-layout":"no-sidebar","site-content-layout":"page-builder","ast-site-content-layout":"full-width-container","site-content-style":"unboxed","site-sidebar-style":"unboxed","ast-global-header-display":"","ast-banner-title-visibility":"","ast-main-header-display":"","ast-hfb-above-header-display":"","ast-hfb-below-header-display":"","ast-hfb-mobile-header-display":"","site-post-title":"disabled","ast-breadcrumbs-content":"","ast-featured-img":"disabled","footer-sml-layout":"","theme-transparent-header-meta":"enabled","adv-header-id-meta":"","stick-header-meta":"","header-above-stick-meta":"","header-main-stick-meta":"","header-below-stick-meta":"","astra-migrate-meta-layouts":"set","ast-page-background-enabled":"default","ast-page-background-meta":{"desktop":{"background-color":"","background-image":"","background-repeat":"repeat","background-position":"center center","background-size":"auto","background-attachment":"scroll","background-type":"","background-media":"","overlay-type":"","overlay-color":"","overlay-opacity":"","overlay-gradient":""},"tablet":{"background-color":"","background-image":"","background-repeat":"repeat","background-position":"center center","background-size":"auto","background-attachment":"scroll","background-type":"","background-media":"","overlay-type":"","overlay-color":"","overlay-opacity":"","overlay-gradient":""},"mobile":{"background-color":"","background-image":"","background-repeat":"repeat","background-position":"center center","background-size":"auto","background-attachment":"scroll","background-type":"","background-media":"","overlay-type":"","overlay-color":"","overlay-opacity":"","overlay-gradient":""}},"ast-content-background-meta":{"desktop":{"background-color":"var(--ast-global-color-5)","background-image":"","background-repeat":"repeat","background-position":"center center","background-size":"auto","background-attachment":"scroll","background-type":"","background-media":"","overlay-type":"","overlay-color":"","overlay-opacity":"","overlay-gradient":""},"tablet":{"background-color":"var(--ast-global-color-5)","background-image":"","background-repeat":"repeat","background-position":"center center","background-size":"auto","background-attachment":"scroll","background-type":"","background-media":"","overlay-type":"","overlay-color":"","overlay-opacity":"","overlay-gradient":""},"mobile":{"background-color":"var(--ast-global-color-5)","background-image":"","background-repeat":"repeat","background-position":"center center","background-size":"auto","background-attachment":"scroll","background-type":"","background-media":"","overlay-type":"","overlay-color":"","overlay-opacity":"","overlay-gradient":""}},"footnotes":""},"class_list":["post-1996","page","type-page","status-publish","hentry"],"yoast_head":"<!-- This site is optimized with the Yoast SEO Premium plugin v24.9 (Yoast SEO v24.9) - https:\/\/yoast.com\/wordpress\/plugins\/seo\/ -->\n<title>Terms And Conditions - Vista Fusion<\/title>\n<meta name=\"robots\" content=\"noindex, follow\" \/>\n<meta property=\"og:locale\" content=\"pl_PL\" \/>\n<meta property=\"og:type\" content=\"article\" \/>\n<meta property=\"og:title\" content=\"Terms And Conditions\" \/>\n<meta property=\"og:description\" content=\"Terms &amp; Conditions Table of Contents Terms and Conditions Effective Date:\u00a001\/04\/2025 Welcome to\u00a0Vista Fusion! These Terms and Conditions outline the rules and regulations for the use of our website at\u00a0www.vistafusion.live. By accessing this website, you accept these terms in full. Do not continue to use Vista Fusion\u2019s website if you do not agree to all [&hellip;]\" \/>\n<meta property=\"og:url\" content=\"https:\/\/vistafusion.live\/pl\/geschaftsbedingungen\/\" \/>\n<meta property=\"og:site_name\" content=\"Vista Fusion\" \/>\n<meta property=\"article:publisher\" content=\"https:\/\/www.fb.com\/vistafusion\" \/>\n<meta property=\"article:modified_time\" content=\"2025-04-20T21:25:48+00:00\" \/>\n<meta property=\"og:image\" content=\"https:\/\/vistafusion.live\/wp-content\/uploads\/2025\/04\/Vista_Fusion_Logo-e1745092598887.png\" \/>\n\t<meta property=\"og:image:width\" content=\"1100\" \/>\n\t<meta property=\"og:image:height\" content=\"823\" \/>\n\t<meta property=\"og:image:type\" content=\"image\/png\" \/>\n<meta name=\"twitter:card\" content=\"summary_large_image\" \/>\n<script type=\"application\/ld+json\" class=\"yoast-schema-graph\">{\"@context\":\"https:\/\/schema.org\",\"@graph\":[{\"@type\":\"WebPage\",\"@id\":\"https:\/\/vistafusion.live\/de\/geschaftsbedingungen\/\",\"url\":\"https:\/\/vistafusion.live\/de\/geschaftsbedingungen\/\",\"name\":\"Terms And Conditions - Vista Fusion\",\"isPartOf\":{\"@id\":\"https:\/\/vistafusion.live\/de\/#website\"},\"datePublished\":\"2025-04-20T16:19:50+00:00\",\"dateModified\":\"2025-04-20T21:25:48+00:00\",\"breadcrumb\":{\"@id\":\"https:\/\/vistafusion.live\/de\/geschaftsbedingungen\/#breadcrumb\"},\"inLanguage\":\"pl-PL\",\"potentialAction\":[{\"@type\":\"ReadAction\",\"target\":[\"https:\/\/vistafusion.live\/de\/geschaftsbedingungen\/\"]}]},{\"@type\":\"BreadcrumbList\",\"@id\":\"https:\/\/vistafusion.live\/de\/geschaftsbedingungen\/#breadcrumb\",\"itemListElement\":[{\"@type\":\"ListItem\",\"position\":1,\"name\":\"Home\",\"item\":\"https:\/\/vistafusion.live\/de\/\"},{\"@type\":\"ListItem\",\"position\":2,\"name\":\"Terms And Conditions\"}]},{\"@type\":\"WebSite\",\"@id\":\"https:\/\/vistafusion.live\/de\/#website\",\"url\":\"https:\/\/vistafusion.live\/de\/\",\"name\":\"Vista Fusion\",\"description\":\"Shaping Metal, Inspiring Possibilities\",\"publisher\":{\"@id\":\"https:\/\/vistafusion.live\/de\/#organization\"},\"potentialAction\":[{\"@type\":\"SearchAction\",\"target\":{\"@type\":\"EntryPoint\",\"urlTemplate\":\"https:\/\/vistafusion.live\/de\/?s={search_term_string}\"},\"query-input\":{\"@type\":\"PropertyValueSpecification\",\"valueRequired\":true,\"valueName\":\"search_term_string\"}}],\"inLanguage\":\"pl-PL\"},{\"@type\":\"Organization\",\"@id\":\"https:\/\/vistafusion.live\/de\/#organization\",\"name\":\"Vista Fusion LLC\",\"alternateName\":\"Vista Fusion LLC\",\"url\":\"https:\/\/vistafusion.live\/de\/\",\"logo\":{\"@type\":\"ImageObject\",\"inLanguage\":\"pl-PL\",\"@id\":\"https:\/\/vistafusion.live\/de\/#\/schema\/logo\/image\/\",\"url\":\"http:\/\/vistafusion.live\/wp-content\/uploads\/2025\/04\/Vista_Fusion_Logo-1.png\",\"contentUrl\":\"http:\/\/vistafusion.live\/wp-content\/uploads\/2025\/04\/Vista_Fusion_Logo-1.png\",\"width\":1280,\"height\":1280,\"caption\":\"Vista Fusion LLC\"},\"image\":{\"@id\":\"https:\/\/vistafusion.live\/de\/#\/schema\/logo\/image\/\"},\"sameAs\":[\"https:\/\/www.fb.com\/vistafusion\",\"https:\/\/www.kompass.com\/c\/vista-fusion-llc\/xk03503\/\",\"https:\/\/www.europages.co.uk\/en\/company\/vista-fusion-llc-22311565\",\"https:\/\/www.industrystock.com\/en\/company\/profile\/Vista-Fusion-LLC\/650195\"],\"description\":\"Vista Fusion is a dynamic metal fabrication company based in Kosovo, specializing in high-quality custom solutions for commercial, architectural, and industrial applications. From CNC laser cutting and precision welding to powder coating and visual signage fabrication, our in-house services are built to deliver speed, accuracy, and aesthetic impact. We collaborate closely with architects, contractors, and B2B clients across Europe, offering tailored metal structures, railings, gates, furniture frames, and more. Vista Fusion is proudly engineered in Kosovo and designed to meet European standards of quality, functionality, and innovation.\",\"email\":\"info@vistafusion.com\",\"telephone\":\"+38348334245\",\"legalName\":\"Vista Fusion L.L.C.\",\"foundingDate\":\"2025-01-24\",\"vatID\":\"812248096\",\"taxID\":\"812248096\",\"numberOfEmployees\":{\"@type\":\"QuantitativeValue\",\"minValue\":\"11\",\"maxValue\":\"50\"},\"ownershipFundingInfo\":\"https:\/\/vistafusion.live\/de\/um\/\"}]}<\/script>\n<!-- \/ Yoast SEO Premium plugin. -->","yoast_head_json":{"title":"Terms And Conditions - Vista Fusion","robots":{"index":"noindex","follow":"follow"},"og_locale":"pl_PL","og_type":"article","og_title":"Terms And Conditions","og_description":"Terms &amp; Conditions Table of Contents Terms and Conditions Effective Date:\u00a001\/04\/2025 Welcome to\u00a0Vista Fusion! These Terms and Conditions outline the rules and regulations for the use of our website at\u00a0www.vistafusion.live. By accessing this website, you accept these terms in full. Do not continue to use Vista Fusion\u2019s website if you do not agree to all [&hellip;]","og_url":"https:\/\/vistafusion.live\/pl\/geschaftsbedingungen\/","og_site_name":"Vista Fusion","article_publisher":"https:\/\/www.fb.com\/vistafusion","article_modified_time":"2025-04-20T21:25:48+00:00","og_image":[{"width":1100,"height":823,"url":"https:\/\/vistafusion.live\/wp-content\/uploads\/2025\/04\/Vista_Fusion_Logo-e1745092598887.png","type":"image\/png"}],"twitter_card":"summary_large_image","schema":{"@context":"https:\/\/schema.org","@graph":[{"@type":"WebPage","@id":"https:\/\/vistafusion.live\/de\/geschaftsbedingungen\/","url":"https:\/\/vistafusion.live\/de\/geschaftsbedingungen\/","name":"Terms And Conditions - Vista Fusion","isPartOf":{"@id":"https:\/\/vistafusion.live\/de\/#website"},"datePublished":"2025-04-20T16:19:50+00:00","dateModified":"2025-04-20T21:25:48+00:00","breadcrumb":{"@id":"https:\/\/vistafusion.live\/de\/geschaftsbedingungen\/#breadcrumb"},"inLanguage":"pl-PL","potentialAction":[{"@type":"ReadAction","target":["https:\/\/vistafusion.live\/de\/geschaftsbedingungen\/"]}]},{"@type":"BreadcrumbList","@id":"https:\/\/vistafusion.live\/de\/geschaftsbedingungen\/#breadcrumb","itemListElement":[{"@type":"ListItem","position":1,"name":"Home","item":"https:\/\/vistafusion.live\/de\/"},{"@type":"ListItem","position":2,"name":"Terms And Conditions"}]},{"@type":"WebSite","@id":"https:\/\/vistafusion.live\/de\/#website","url":"https:\/\/vistafusion.live\/de\/","name":"Vista Fusion","description":"Shaping Metal, Inspiring Possibilities","publisher":{"@id":"https:\/\/vistafusion.live\/de\/#organization"},"potentialAction":[{"@type":"SearchAction","target":{"@type":"EntryPoint","urlTemplate":"https:\/\/vistafusion.live\/de\/?s={search_term_string}"},"query-input":{"@type":"PropertyValueSpecification","valueRequired":true,"valueName":"search_term_string"}}],"inLanguage":"pl-PL"},{"@type":"Organization","@id":"https:\/\/vistafusion.live\/de\/#organization","name":"Vista Fusion LLC","alternateName":"Vista Fusion LLC","url":"https:\/\/vistafusion.live\/de\/","logo":{"@type":"ImageObject","inLanguage":"pl-PL","@id":"https:\/\/vistafusion.live\/de\/#\/schema\/logo\/image\/","url":"http:\/\/vistafusion.live\/wp-content\/uploads\/2025\/04\/Vista_Fusion_Logo-1.png","contentUrl":"http:\/\/vistafusion.live\/wp-content\/uploads\/2025\/04\/Vista_Fusion_Logo-1.png","width":1280,"height":1280,"caption":"Vista Fusion LLC"},"image":{"@id":"https:\/\/vistafusion.live\/de\/#\/schema\/logo\/image\/"},"sameAs":["https:\/\/www.fb.com\/vistafusion","https:\/\/www.kompass.com\/c\/vista-fusion-llc\/xk03503\/","https:\/\/www.europages.co.uk\/en\/company\/vista-fusion-llc-22311565","https:\/\/www.industrystock.com\/en\/company\/profile\/Vista-Fusion-LLC\/650195"],"description":"Vista Fusion is a dynamic metal fabrication company based in Kosovo, specializing in high-quality custom solutions for commercial, architectural, and industrial applications. From CNC laser cutting and precision welding to powder coating and visual signage fabrication, our in-house services are built to deliver speed, accuracy, and aesthetic impact. We collaborate closely with architects, contractors, and B2B clients across Europe, offering tailored metal structures, railings, gates, furniture frames, and more. Vista Fusion is proudly engineered in Kosovo and designed to meet European standards of quality, functionality, and innovation.","email":"info@vistafusion.com","telephone":"+38348334245","legalName":"Vista Fusion L.L.C.","foundingDate":"2025-01-24","vatID":"812248096","taxID":"812248096","numberOfEmployees":{"@type":"QuantitativeValue","minValue":"11","maxValue":"50"},"ownershipFundingInfo":"https:\/\/vistafusion.live\/de\/um\/"}]}},"brizy_media":[],"_links":{"self":[{"href":"https:\/\/vistafusion.live\/pl\/wp-json\/wp\/v2\/pages\/1996","targetHints":{"allow":["GET"]}}],"collection":[{"href":"https:\/\/vistafusion.live\/pl\/wp-json\/wp\/v2\/pages"}],"about":[{"href":"https:\/\/vistafusion.live\/pl\/wp-json\/wp\/v2\/types\/page"}],"author":[{"embeddable":true,"href":"https:\/\/vistafusion.live\/pl\/wp-json\/wp\/v2\/users\/1"}],"replies":[{"embeddable":true,"href":"https:\/\/vistafusion.live\/pl\/wp-json\/wp\/v2\/comments?post=1996"}],"version-history":[{"count":5,"href":"https:\/\/vistafusion.live\/pl\/wp-json\/wp\/v2\/pages\/1996\/revisions"}],"predecessor-version":[{"id":2008,"href":"https:\/\/vistafusion.live\/pl\/wp-json\/wp\/v2\/pages\/1996\/revisions\/2008"}],"wp:attachment":[{"href":"https:\/\/vistafusion.live\/pl\/wp-json\/wp\/v2\/media?parent=1996"}],"curies":[{"name":"wp","href":"https:\/\/api.w.org\/{rel}","templated":true}]}}