{"id":1996,"date":"2025-04-20T18:19:50","date_gmt":"2025-04-20T16:19:50","guid":{"rendered":"http:\/\/vistafusion.live\/?page_id=1996"},"modified":"2025-04-20T23:25:48","modified_gmt":"2025-04-20T21:25:48","slug":"terms-and-conditions","status":"publish","type":"page","link":"https:\/\/vistafusion.live\/sq\/termat-dhe-kushtet\/","title":{"rendered":"Termat dhe Kushtet"},"content":{"rendered":"<div data-elementor-type=\"wp-page\" data-elementor-id=\"1996\" class=\"elementor elementor-1996\" data-elementor-post-type=\"page\">\n\t\t\t\t<div class=\"elementor-element elementor-element-50db43a8 e-flex e-con-boxed e-con e-parent\" data-id=\"50db43a8\" data-element_type=\"container\" data-settings=\"{&quot;background_background&quot;:&quot;gradient&quot;}\">\n\t\t\t\t\t<div class=\"e-con-inner\">\n\t\t<div class=\"elementor-element elementor-element-1533e51d e-con-full e-flex e-con e-child\" data-id=\"1533e51d\" data-element_type=\"container\">\n\t\t\t\t<div class=\"elementor-element elementor-element-7697d2b1 elementor-widget elementor-widget-heading\" data-id=\"7697d2b1\" data-element_type=\"widget\" data-widget_type=\"heading.default\">\n\t\t\t\t<div class=\"elementor-widget-container\">\n\t\t\t\t\t<h1 class=\"elementor-heading-title elementor-size-default\">Termat &amp; Kushtet<\/h1>\t\t\t\t<\/div>\n\t\t\t\t<\/div>\n\t\t\t\t<div class=\"elementor-element elementor-element-33434550 elementor-widget-divider--view-line elementor-widget elementor-widget-divider\" data-id=\"33434550\" data-element_type=\"widget\" data-widget_type=\"divider.default\">\n\t\t\t\t<div class=\"elementor-widget-container\">\n\t\t\t\t\t\t\t<div class=\"elementor-divider\">\n\t\t\t<span class=\"elementor-divider-separator\">\n\t\t\t\t\t\t<\/span>\n\t\t<\/div>\n\t\t\t\t\t\t<\/div>\n\t\t\t\t<\/div>\n\t\t\t\t<\/div>\n\t\t\t\t\t<\/div>\n\t\t\t\t<\/div>\n\t\t<div class=\"elementor-element elementor-element-21b3e26c e-flex e-con-boxed e-con e-parent\" data-id=\"21b3e26c\" data-element_type=\"container\">\n\t\t\t\t\t<div class=\"e-con-inner\">\n\t\t\t\t\t<\/div>\n\t\t\t\t<\/div>\n\t\t<div class=\"elementor-element elementor-element-31301c5c e-flex e-con-boxed e-con e-parent\" data-id=\"31301c5c\" data-element_type=\"container\">\n\t\t\t\t\t<div class=\"e-con-inner\">\n\t\t<div class=\"elementor-element elementor-element-7576672a e-con-full e-flex e-con e-child\" data-id=\"7576672a\" data-element_type=\"container\">\n\t\t\t\t<div class=\"elementor-element elementor-element-7c6d4592 elementor-toc--minimized-on-tablet elementor-widget elementor-widget-table-of-contents\" data-id=\"7c6d4592\" data-element_type=\"widget\" data-settings=\"{&quot;headings_by_tags&quot;:[&quot;h2&quot;],&quot;exclude_headings_by_selector&quot;:[],&quot;marker_view&quot;:&quot;bullets&quot;,&quot;icon&quot;:{&quot;value&quot;:&quot;&quot;,&quot;library&quot;:&quot;&quot;},&quot;no_headings_message&quot;:&quot;No headings were found on this page.&quot;,&quot;minimize_box&quot;:&quot;yes&quot;,&quot;minimized_on&quot;:&quot;tablet&quot;,&quot;hierarchical_view&quot;:&quot;yes&quot;,&quot;min_height&quot;:{&quot;unit&quot;:&quot;px&quot;,&quot;size&quot;:&quot;&quot;,&quot;sizes&quot;:[]},&quot;min_height_tablet&quot;:{&quot;unit&quot;:&quot;px&quot;,&quot;size&quot;:&quot;&quot;,&quot;sizes&quot;:[]},&quot;min_height_mobile&quot;:{&quot;unit&quot;:&quot;px&quot;,&quot;size&quot;:&quot;&quot;,&quot;sizes&quot;:[]}}\" data-widget_type=\"table-of-contents.default\">\n\t\t\t\t<div class=\"elementor-widget-container\">\n\t\t\t\t\t\t\t<div class=\"elementor-toc__header\">\n\t\t\t<h2 class=\"elementor-toc__header-title\">\n\t\t\t\tTabela e P\u00ebrmbajtjes\t\t\t<\/h2>\n\t\t\t\t\t\t\t<div class=\"elementor-toc__toggle-button elementor-toc__toggle-button--expand\" role=\"button\" tabindex=\"0\" aria-controls=\"elementor-toc__7c6d4592\" aria-expanded=\"true\" aria-label=\"Open table of contents\" data-no-translation-aria-label=\"\"><svg aria-hidden=\"true\" class=\"e-font-icon-svg e-fas-chevron-down\" viewbox=\"0 0 448 512\" xmlns=\"http:\/\/www.w3.org\/2000\/svg\"><path d=\"M207.029 381.476L12.686 187.132c-9.373-9.373-9.373-24.569 0-33.941l22.667-22.667c9.357-9.357 24.522-9.375 33.901-.04L224 284.505l154.745-154.021c9.379-9.335 24.544-9.317 33.901.04l22.667 22.667c9.373 9.373 9.373 24.569 0 33.941L240.971 381.476c-9.373 9.372-24.569 9.372-33.942 0z\"><\/path><\/svg><\/div>\n\t\t\t\t<div class=\"elementor-toc__toggle-button elementor-toc__toggle-button--collapse\" role=\"button\" tabindex=\"0\" aria-controls=\"elementor-toc__7c6d4592\" aria-expanded=\"true\" aria-label=\"Close table of contents\" data-no-translation-aria-label=\"\"><svg aria-hidden=\"true\" class=\"e-font-icon-svg e-fas-angle-up\" viewbox=\"0 0 320 512\" xmlns=\"http:\/\/www.w3.org\/2000\/svg\"><path d=\"M177 159.7l136 136c9.4 9.4 9.4 24.6 0 33.9l-22.6 22.6c-9.4 9.4-24.6 9.4-33.9 0L160 255.9l-96.4 96.4c-9.4 9.4-24.6 9.4-33.9 0L7 329.7c-9.4-9.4-9.4-24.6 0-33.9l136-136c9.4-9.5 24.6-9.5 34-.1z\"><\/path><\/svg><\/div>\n\t\t\t\t\t<\/div>\n\t\t<div id=\"elementor-toc__7c6d4592\" class=\"elementor-toc__body\">\n\t\t\t<div class=\"elementor-toc__spinner-container\">\n\t\t\t\t<svg class=\"elementor-toc__spinner eicon-animation-spin e-font-icon-svg e-eicon-loading\" aria-hidden=\"true\" viewbox=\"0 0 1000 1000\" xmlns=\"http:\/\/www.w3.org\/2000\/svg\"><path d=\"M500 975V858C696 858 858 696 858 500S696 142 500 142 142 304 142 500H25C25 237 238 25 500 25S975 237 975 500 763 975 500 975Z\"><\/path><\/svg>\t\t\t<\/div>\n\t\t<\/div>\n\t\t\t\t\t\t<\/div>\n\t\t\t\t<\/div>\n\t\t\t\t<\/div>\n\t\t<div class=\"elementor-element elementor-element-73f44a2c e-con-full e-flex e-con e-child\" data-id=\"73f44a2c\" data-element_type=\"container\">\n\t\t\t\t<div class=\"elementor-element elementor-element-5a45034 elementor-widget elementor-widget-text-editor\" data-id=\"5a45034\" data-element_type=\"widget\" data-widget_type=\"text-editor.default\">\n\t\t\t\t<div class=\"elementor-widget-container\">\n\t\t\t\t\t\t\t\t\t<h1 id=\"table_of_content_heading_1_3\" data-anchor=\"true\">Termat dhe Kushtet<\/h1><p><strong>Data e hyrjes n\u00eb fuqi: 01\/04\/2025<\/strong><\/p><p>Mir\u00eb se vini n\u00eb\u00a0<strong>Vista Fusion<\/strong>! K\u00ebto Terma dhe Kushte p\u00ebrshkruajn\u00eb rregullat dhe rregulloret p\u00ebr p\u00ebrdorimin e faqes son\u00eb t\u00eb internetit n\u00eb\u00a0<a href=\"https:\/\/vistafusion.live\/sq\/\" target=\"_new\">www.vistafusion.live<\/a>.<\/p><p>Duke hyr\u00eb n\u00eb k\u00ebt\u00eb faqe interneti, ju i pranoni plot\u00ebsisht k\u00ebto kushte. Mos vazhdoni t\u00eb p\u00ebrdorni faqen e internetit t\u00eb Vista Fusion n\u00ebse nuk jeni dakord me t\u00eb gjitha kushtet e deklaruara n\u00eb k\u00ebt\u00eb faqe.<\/p><h2 id=\"table_of_content_heading_1_4\" data-anchor=\"true\"><span class=\"h3-fs\">1. P\u00ebrdorimi i faqes n\u00eb internet<\/span><\/h2><p>P\u00ebrmbajtja n\u00eb k\u00ebt\u00eb faqe interneti ofrohet vet\u00ebm p\u00ebr q\u00ebllime t\u00eb p\u00ebrgjithshme informative. Nd\u00ebrsa synojm\u00eb ta mbajm\u00eb informacionin t\u00eb p\u00ebrdit\u00ebsuar dhe t\u00eb sakt\u00eb, ne nuk japim asnj\u00eb lloj garancie, t\u00eb shprehur apo t\u00eb n\u00ebnkuptuar, p\u00ebr plot\u00ebsin\u00eb, sakt\u00ebsin\u00eb, besueshm\u00ebrin\u00eb, p\u00ebrshtatshm\u00ebrin\u00eb ose disponueshm\u00ebrin\u00eb e ndonj\u00eb informacioni.<\/p><p>Ju pranoni t\u00eb p\u00ebrdorni faqen e internetit vet\u00ebm p\u00ebr q\u00ebllime t\u00eb ligjshme dhe n\u00eb nj\u00eb m\u00ebnyr\u00eb q\u00eb t\u00eb mos cenoj\u00eb t\u00eb drejtat e t\u00eb tjer\u00ebve ose t\u00eb kufizoj\u00eb p\u00ebrdorimin e tyre dhe g\u00ebzimin e sajtit.<\/p><h2 id=\"table_of_content_heading_1_5\" data-anchor=\"true\"><span class=\"h3-fs\">2. Pron\u00ebsia Intelektuale<\/span><\/h2><p>N\u00ebse nuk thuhet ndryshe,\u00a0<strong>Vista Fusion<\/strong>\u00a0zot\u00ebron t\u00eb drejtat e pron\u00ebsis\u00eb intelektuale p\u00ebr t\u00eb gjith\u00eb p\u00ebrmbajtjen n\u00eb k\u00ebt\u00eb faqe interneti, duke p\u00ebrfshir\u00eb tekstin, imazhet, grafikat, logot dhe dizajnin. T\u00eb gjitha t\u00eb drejtat e pron\u00ebsis\u00eb intelektuale jan\u00eb t\u00eb rezervuara.<\/p><p>Mund t\u00eb shikoni dhe printoni faqe nga\u00a0<a href=\"https:\/\/vistafusion.live\/sq\/\" target=\"_new\">www.vistafusion.live<\/a>\u00a0p\u00ebr p\u00ebrdorimin tuaj personal, duke iu n\u00ebnshtruar kufizimeve t\u00eb p\u00ebrcaktuara n\u00eb k\u00ebto kushte.<\/p><p>Ju nuk duhet:<\/p><ul><li>Ripublikoni materialin nga kjo faqe interneti<\/li><li>Shisni, merrni me qira ose jepni n\u00ebnlicenc\u00eb materiale nga faqja e internetit<\/li><li>Riprodhoni, kopjoni ose kopjoni materiale p\u00ebr q\u00ebllime komerciale<\/li><li>Rishp\u00ebrndani p\u00ebrmbajtjen nga Vista Fusion pa leje<\/li><\/ul><h2 id=\"table_of_content_heading_1_6\" data-anchor=\"true\"><span class=\"h3-fs\">3. Sh\u00ebrbimet dhe K\u00ebrkesat<\/span><\/h2><p>Ne nuk ofrojm\u00eb blerje t\u00eb drejtp\u00ebrdrejta n\u00eb internet p\u00ebrmes k\u00ebsaj faqeje interneti. T\u00eb gjitha sh\u00ebrbimet ose produktet e ekspozuara (p.sh., kangjella, porta, struktura metalike) jan\u00eb b\u00ebr\u00eb me porosi dhe k\u00ebrkojn\u00eb hetim t\u00eb drejtp\u00ebrdrejt\u00eb.<\/p><p>Dor\u00ebzimi i nj\u00eb formulari kontakti ose d\u00ebrgimi i nj\u00eb emaili nuk p\u00ebrb\u00ebn kontrat\u00eb ose detyrim nga Vista Fusion derisa t\u00eb arrihet nj\u00eb marr\u00ebveshje formale.<\/p><h2 id=\"table_of_content_heading_1_7\" data-anchor=\"true\"><span class=\"h3-fs\">4. Lidhjet e jashtme<\/span><\/h2><p>Faqja jon\u00eb e internetit mund t\u00eb p\u00ebrmbaj\u00eb lidhje me faqet e internetit ose burimet e pal\u00ebve t\u00eb treta. Ne nuk jemi p\u00ebrgjegj\u00ebs p\u00ebr p\u00ebrmbajtjen ose disponueshm\u00ebrin\u00eb e k\u00ebtyre faqeve t\u00eb jashtme dhe nuk miratojm\u00eb ose garantojm\u00eb asnj\u00eb informacion, produkt ose sh\u00ebrbim q\u00eb ato ofrojn\u00eb.<\/p><h2 id=\"table_of_content_heading_1_8\" data-anchor=\"true\"><span class=\"h3-fs\">5. Kufizimi i p\u00ebrgjegj\u00ebsis\u00eb<\/span><\/h2><p>Vista Fusion nuk do t\u00eb mbaj\u00eb p\u00ebrgjegj\u00ebsi p\u00ebr ndonj\u00eb humbje ose d\u00ebmtim, p\u00ebrfshir\u00eb humbjen indirekte ose pasuese, q\u00eb rrjedh nga ose n\u00eb lidhje me p\u00ebrdorimin e k\u00ebsaj faqeje interneti.<\/p><p>Ne nuk garantojm\u00eb q\u00eb faqja e internetit do t\u00eb jet\u00eb pa viruse ose p\u00ebrb\u00ebr\u00ebs t\u00eb d\u00ebmsh\u00ebm, megjith\u00ebse b\u00ebjm\u00eb \u00e7mos p\u00ebr t\u00eb ruajtur sigurin\u00eb dhe funksionalitetin.<\/p><h2 id=\"table_of_content_heading_1_9\" data-anchor=\"true\"><span class=\"h3-fs\">6. Ndryshime n\u00eb Kushtet<\/span><\/h2><p>Ne mund t&#039;i rishikojm\u00eb k\u00ebto Kushte dhe Kushte n\u00eb \u00e7do koh\u00eb pa njoftim paraprak. Duke vazhduar p\u00ebrdorimin e sajtit, ju pranoni t\u00eb jeni t\u00eb detyruar nga versioni i p\u00ebrdit\u00ebsuar. Ju lutemi kontrolloni rregullisht k\u00ebt\u00eb faqe.<\/p><h2 id=\"table_of_content_heading_1_10\" data-anchor=\"true\"><span class=\"h3-fs\">7. Ligji n\u00eb fuqi<\/span><\/h2><p>K\u00ebto Terma dhe Kushte rregullohen nga dhe interpretohen n\u00eb p\u00ebrputhje me ligjet e\u00a0<strong>Republika e Kosov\u00ebs<\/strong>. \u00c7do mosmarr\u00ebveshje n\u00eb lidhje me k\u00ebto kushte do t&#039;i n\u00ebnshtrohet juridiksionit ekskluziv t\u00eb gjykatave t\u00eb Kosov\u00ebs.<\/p><h2 id=\"table_of_content_heading_1_11\" data-anchor=\"true\"><span class=\"h3-fs\">8. Na kontaktoni<\/span><\/h2><p>N\u00ebse keni ndonj\u00eb pyetje ose shqet\u00ebsim n\u00eb lidhje me k\u00ebto Kushte, ju lutemi na kontaktoni:<\/p><p><strong>Vista Fusion<\/strong><\/p><p><a href=\"mailto:info@vistafusion.live\">info@vistafusion.live<\/a><\/p><p><a href=\"https:\/\/vistafusion.live\/sq\/\" target=\"_new\">www.vistafusion.live<\/a><\/p>\t\t\t\t\t\t\t\t<\/div>\n\t\t\t\t<\/div>\n\t\t\t\t<\/div>\n\t\t\t\t\t<\/div>\n\t\t\t\t<\/div>\n\t\t\t\t<\/div>","protected":false},"excerpt":{"rendered":"<p>Terms &amp; Conditions Table of Contents Terms and Conditions Effective Date:\u00a001\/04\/2025 Welcome to\u00a0Vista Fusion! These Terms and Conditions outline the rules and regulations for the use of our website at\u00a0www.vistafusion.live. By accessing this website, you accept these terms in full. Do not continue to use Vista Fusion\u2019s website if you do not agree to all [&hellip;]<\/p>","protected":false},"author":1,"featured_media":0,"parent":0,"menu_order":0,"comment_status":"closed","ping_status":"closed","template":"","meta":{"site-sidebar-layout":"no-sidebar","site-content-layout":"page-builder","ast-site-content-layout":"full-width-container","site-content-style":"unboxed","site-sidebar-style":"unboxed","ast-global-header-display":"","ast-banner-title-visibility":"","ast-main-header-display":"","ast-hfb-above-header-display":"","ast-hfb-below-header-display":"","ast-hfb-mobile-header-display":"","site-post-title":"disabled","ast-breadcrumbs-content":"","ast-featured-img":"disabled","footer-sml-layout":"","theme-transparent-header-meta":"enabled","adv-header-id-meta":"","stick-header-meta":"","header-above-stick-meta":"","header-main-stick-meta":"","header-below-stick-meta":"","astra-migrate-meta-layouts":"set","ast-page-background-enabled":"default","ast-page-background-meta":{"desktop":{"background-color":"","background-image":"","background-repeat":"repeat","background-position":"center center","background-size":"auto","background-attachment":"scroll","background-type":"","background-media":"","overlay-type":"","overlay-color":"","overlay-opacity":"","overlay-gradient":""},"tablet":{"background-color":"","background-image":"","background-repeat":"repeat","background-position":"center center","background-size":"auto","background-attachment":"scroll","background-type":"","background-media":"","overlay-type":"","overlay-color":"","overlay-opacity":"","overlay-gradient":""},"mobile":{"background-color":"","background-image":"","background-repeat":"repeat","background-position":"center center","background-size":"auto","background-attachment":"scroll","background-type":"","background-media":"","overlay-type":"","overlay-color":"","overlay-opacity":"","overlay-gradient":""}},"ast-content-background-meta":{"desktop":{"background-color":"var(--ast-global-color-5)","background-image":"","background-repeat":"repeat","background-position":"center center","background-size":"auto","background-attachment":"scroll","background-type":"","background-media":"","overlay-type":"","overlay-color":"","overlay-opacity":"","overlay-gradient":""},"tablet":{"background-color":"var(--ast-global-color-5)","background-image":"","background-repeat":"repeat","background-position":"center center","background-size":"auto","background-attachment":"scroll","background-type":"","background-media":"","overlay-type":"","overlay-color":"","overlay-opacity":"","overlay-gradient":""},"mobile":{"background-color":"var(--ast-global-color-5)","background-image":"","background-repeat":"repeat","background-position":"center center","background-size":"auto","background-attachment":"scroll","background-type":"","background-media":"","overlay-type":"","overlay-color":"","overlay-opacity":"","overlay-gradient":""}},"footnotes":""},"class_list":["post-1996","page","type-page","status-publish","hentry"],"yoast_head":"<!-- This site is optimized with the Yoast SEO Premium plugin v24.9 (Yoast SEO v24.9) - https:\/\/yoast.com\/wordpress\/plugins\/seo\/ -->\n<title>Terms And Conditions - Vista Fusion<\/title>\n<meta name=\"robots\" content=\"noindex, follow\" \/>\n<meta property=\"og:locale\" content=\"sq_AL\" \/>\n<meta property=\"og:type\" content=\"article\" \/>\n<meta property=\"og:title\" content=\"Terms And Conditions\" \/>\n<meta property=\"og:description\" content=\"Terms &amp; Conditions Table of Contents Terms and Conditions Effective Date:\u00a001\/04\/2025 Welcome to\u00a0Vista Fusion! These Terms and Conditions outline the rules and regulations for the use of our website at\u00a0www.vistafusion.live. By accessing this website, you accept these terms in full. Do not continue to use Vista Fusion\u2019s website if you do not agree to all [&hellip;]\" \/>\n<meta property=\"og:url\" content=\"https:\/\/vistafusion.live\/sq\/geschaftsbedingungen\/\" \/>\n<meta property=\"og:site_name\" content=\"Vista Fusion\" \/>\n<meta property=\"article:publisher\" content=\"https:\/\/www.fb.com\/vistafusion\" \/>\n<meta property=\"article:modified_time\" content=\"2025-04-20T21:25:48+00:00\" \/>\n<meta property=\"og:image\" content=\"https:\/\/vistafusion.live\/wp-content\/uploads\/2025\/04\/Vista_Fusion_Logo-e1745092598887.png\" \/>\n\t<meta property=\"og:image:width\" content=\"1100\" \/>\n\t<meta property=\"og:image:height\" content=\"823\" \/>\n\t<meta property=\"og:image:type\" content=\"image\/png\" \/>\n<meta name=\"twitter:card\" content=\"summary_large_image\" \/>\n<script type=\"application\/ld+json\" class=\"yoast-schema-graph\">{\"@context\":\"https:\/\/schema.org\",\"@graph\":[{\"@type\":\"WebPage\",\"@id\":\"https:\/\/vistafusion.live\/de\/geschaftsbedingungen\/\",\"url\":\"https:\/\/vistafusion.live\/de\/geschaftsbedingungen\/\",\"name\":\"Terms And Conditions - Vista Fusion\",\"isPartOf\":{\"@id\":\"https:\/\/vistafusion.live\/de\/#website\"},\"datePublished\":\"2025-04-20T16:19:50+00:00\",\"dateModified\":\"2025-04-20T21:25:48+00:00\",\"breadcrumb\":{\"@id\":\"https:\/\/vistafusion.live\/de\/geschaftsbedingungen\/#breadcrumb\"},\"inLanguage\":\"sq\",\"potentialAction\":[{\"@type\":\"ReadAction\",\"target\":[\"https:\/\/vistafusion.live\/de\/geschaftsbedingungen\/\"]}]},{\"@type\":\"BreadcrumbList\",\"@id\":\"https:\/\/vistafusion.live\/de\/geschaftsbedingungen\/#breadcrumb\",\"itemListElement\":[{\"@type\":\"ListItem\",\"position\":1,\"name\":\"Home\",\"item\":\"https:\/\/vistafusion.live\/de\/\"},{\"@type\":\"ListItem\",\"position\":2,\"name\":\"Terms And Conditions\"}]},{\"@type\":\"WebSite\",\"@id\":\"https:\/\/vistafusion.live\/de\/#website\",\"url\":\"https:\/\/vistafusion.live\/de\/\",\"name\":\"Vista Fusion\",\"description\":\"Shaping Metal, Inspiring Possibilities\",\"publisher\":{\"@id\":\"https:\/\/vistafusion.live\/de\/#organization\"},\"potentialAction\":[{\"@type\":\"SearchAction\",\"target\":{\"@type\":\"EntryPoint\",\"urlTemplate\":\"https:\/\/vistafusion.live\/de\/?s={search_term_string}\"},\"query-input\":{\"@type\":\"PropertyValueSpecification\",\"valueRequired\":true,\"valueName\":\"search_term_string\"}}],\"inLanguage\":\"sq\"},{\"@type\":\"Organization\",\"@id\":\"https:\/\/vistafusion.live\/de\/#organization\",\"name\":\"Vista Fusion LLC\",\"alternateName\":\"Vista Fusion LLC\",\"url\":\"https:\/\/vistafusion.live\/de\/\",\"logo\":{\"@type\":\"ImageObject\",\"inLanguage\":\"sq\",\"@id\":\"https:\/\/vistafusion.live\/de\/#\/schema\/logo\/image\/\",\"url\":\"http:\/\/vistafusion.live\/wp-content\/uploads\/2025\/04\/Vista_Fusion_Logo-1.png\",\"contentUrl\":\"http:\/\/vistafusion.live\/wp-content\/uploads\/2025\/04\/Vista_Fusion_Logo-1.png\",\"width\":1280,\"height\":1280,\"caption\":\"Vista Fusion LLC\"},\"image\":{\"@id\":\"https:\/\/vistafusion.live\/de\/#\/schema\/logo\/image\/\"},\"sameAs\":[\"https:\/\/www.fb.com\/vistafusion\",\"https:\/\/www.kompass.com\/c\/vista-fusion-llc\/xk03503\/\",\"https:\/\/www.europages.co.uk\/en\/company\/vista-fusion-llc-22311565\",\"https:\/\/www.industrystock.com\/en\/company\/profile\/Vista-Fusion-LLC\/650195\"],\"description\":\"Vista Fusion is a dynamic metal fabrication company based in Kosovo, specializing in high-quality custom solutions for commercial, architectural, and industrial applications. From CNC laser cutting and precision welding to powder coating and visual signage fabrication, our in-house services are built to deliver speed, accuracy, and aesthetic impact. We collaborate closely with architects, contractors, and B2B clients across Europe, offering tailored metal structures, railings, gates, furniture frames, and more. Vista Fusion is proudly engineered in Kosovo and designed to meet European standards of quality, functionality, and innovation.\",\"email\":\"info@vistafusion.com\",\"telephone\":\"+38348334245\",\"legalName\":\"Vista Fusion L.L.C.\",\"foundingDate\":\"2025-01-24\",\"vatID\":\"812248096\",\"taxID\":\"812248096\",\"numberOfEmployees\":{\"@type\":\"QuantitativeValue\",\"minValue\":\"11\",\"maxValue\":\"50\"},\"ownershipFundingInfo\":\"https:\/\/vistafusion.live\/de\/um\/\"}]}<\/script>\n<!-- \/ Yoast SEO Premium plugin. -->","yoast_head_json":{"title":"Terms And Conditions - Vista Fusion","robots":{"index":"noindex","follow":"follow"},"og_locale":"sq_AL","og_type":"article","og_title":"Terms And Conditions","og_description":"Terms &amp; Conditions Table of Contents Terms and Conditions Effective Date:\u00a001\/04\/2025 Welcome to\u00a0Vista Fusion! These Terms and Conditions outline the rules and regulations for the use of our website at\u00a0www.vistafusion.live. By accessing this website, you accept these terms in full. Do not continue to use Vista Fusion\u2019s website if you do not agree to all [&hellip;]","og_url":"https:\/\/vistafusion.live\/sq\/geschaftsbedingungen\/","og_site_name":"Vista Fusion","article_publisher":"https:\/\/www.fb.com\/vistafusion","article_modified_time":"2025-04-20T21:25:48+00:00","og_image":[{"width":1100,"height":823,"url":"https:\/\/vistafusion.live\/wp-content\/uploads\/2025\/04\/Vista_Fusion_Logo-e1745092598887.png","type":"image\/png"}],"twitter_card":"summary_large_image","schema":{"@context":"https:\/\/schema.org","@graph":[{"@type":"WebPage","@id":"https:\/\/vistafusion.live\/de\/geschaftsbedingungen\/","url":"https:\/\/vistafusion.live\/de\/geschaftsbedingungen\/","name":"Terms And Conditions - Vista Fusion","isPartOf":{"@id":"https:\/\/vistafusion.live\/de\/#website"},"datePublished":"2025-04-20T16:19:50+00:00","dateModified":"2025-04-20T21:25:48+00:00","breadcrumb":{"@id":"https:\/\/vistafusion.live\/de\/geschaftsbedingungen\/#breadcrumb"},"inLanguage":"sq","potentialAction":[{"@type":"ReadAction","target":["https:\/\/vistafusion.live\/de\/geschaftsbedingungen\/"]}]},{"@type":"BreadcrumbList","@id":"https:\/\/vistafusion.live\/de\/geschaftsbedingungen\/#breadcrumb","itemListElement":[{"@type":"ListItem","position":1,"name":"Home","item":"https:\/\/vistafusion.live\/de\/"},{"@type":"ListItem","position":2,"name":"Terms And Conditions"}]},{"@type":"WebSite","@id":"https:\/\/vistafusion.live\/de\/#website","url":"https:\/\/vistafusion.live\/de\/","name":"Vista Fusion","description":"Shaping Metal, Inspiring Possibilities","publisher":{"@id":"https:\/\/vistafusion.live\/de\/#organization"},"potentialAction":[{"@type":"SearchAction","target":{"@type":"EntryPoint","urlTemplate":"https:\/\/vistafusion.live\/de\/?s={search_term_string}"},"query-input":{"@type":"PropertyValueSpecification","valueRequired":true,"valueName":"search_term_string"}}],"inLanguage":"sq"},{"@type":"Organization","@id":"https:\/\/vistafusion.live\/de\/#organization","name":"Vista Fusion LLC","alternateName":"Vista Fusion LLC","url":"https:\/\/vistafusion.live\/de\/","logo":{"@type":"ImageObject","inLanguage":"sq","@id":"https:\/\/vistafusion.live\/de\/#\/schema\/logo\/image\/","url":"http:\/\/vistafusion.live\/wp-content\/uploads\/2025\/04\/Vista_Fusion_Logo-1.png","contentUrl":"http:\/\/vistafusion.live\/wp-content\/uploads\/2025\/04\/Vista_Fusion_Logo-1.png","width":1280,"height":1280,"caption":"Vista Fusion LLC"},"image":{"@id":"https:\/\/vistafusion.live\/de\/#\/schema\/logo\/image\/"},"sameAs":["https:\/\/www.fb.com\/vistafusion","https:\/\/www.kompass.com\/c\/vista-fusion-llc\/xk03503\/","https:\/\/www.europages.co.uk\/en\/company\/vista-fusion-llc-22311565","https:\/\/www.industrystock.com\/en\/company\/profile\/Vista-Fusion-LLC\/650195"],"description":"Vista Fusion is a dynamic metal fabrication company based in Kosovo, specializing in high-quality custom solutions for commercial, architectural, and industrial applications. From CNC laser cutting and precision welding to powder coating and visual signage fabrication, our in-house services are built to deliver speed, accuracy, and aesthetic impact. We collaborate closely with architects, contractors, and B2B clients across Europe, offering tailored metal structures, railings, gates, furniture frames, and more. Vista Fusion is proudly engineered in Kosovo and designed to meet European standards of quality, functionality, and innovation.","email":"info@vistafusion.com","telephone":"+38348334245","legalName":"Vista Fusion L.L.C.","foundingDate":"2025-01-24","vatID":"812248096","taxID":"812248096","numberOfEmployees":{"@type":"QuantitativeValue","minValue":"11","maxValue":"50"},"ownershipFundingInfo":"https:\/\/vistafusion.live\/de\/um\/"}]}},"brizy_media":[],"_links":{"self":[{"href":"https:\/\/vistafusion.live\/sq\/wp-json\/wp\/v2\/pages\/1996","targetHints":{"allow":["GET"]}}],"collection":[{"href":"https:\/\/vistafusion.live\/sq\/wp-json\/wp\/v2\/pages"}],"about":[{"href":"https:\/\/vistafusion.live\/sq\/wp-json\/wp\/v2\/types\/page"}],"author":[{"embeddable":true,"href":"https:\/\/vistafusion.live\/sq\/wp-json\/wp\/v2\/users\/1"}],"replies":[{"embeddable":true,"href":"https:\/\/vistafusion.live\/sq\/wp-json\/wp\/v2\/comments?post=1996"}],"version-history":[{"count":5,"href":"https:\/\/vistafusion.live\/sq\/wp-json\/wp\/v2\/pages\/1996\/revisions"}],"predecessor-version":[{"id":2008,"href":"https:\/\/vistafusion.live\/sq\/wp-json\/wp\/v2\/pages\/1996\/revisions\/2008"}],"wp:attachment":[{"href":"https:\/\/vistafusion.live\/sq\/wp-json\/wp\/v2\/media?parent=1996"}],"curies":[{"name":"wp","href":"https:\/\/api.w.org\/{rel}","templated":true}]}}